{"id":555,"date":"2022-11-11T12:34:13","date_gmt":"2022-11-11T12:34:13","guid":{"rendered":"http:\/\/www.aidprojectsasia.nl\/nieuw\/?page_id=555"},"modified":"2022-11-16T14:11:18","modified_gmt":"2022-11-16T14:11:18","slug":"gede","status":"publish","type":"page","link":"http:\/\/www.aidprojectsasia.nl\/en\/gede\/","title":{"rendered":"Gede"},"content":{"rendered":"<p>[et_pb_section fb_built=&#8221;1&#8243; _builder_version=&#8221;3.24&#8243; custom_margin=&#8221;||0px|||&#8221; custom_padding=&#8221;44px||44px||true|&#8221;][et_pb_row custom_padding=&#8221;2px||0px|||&#8221; custom_margin=&#8221;3px|auto||auto||&#8221; _builder_version=&#8221;3.24&#8243;][et_pb_column type=&#8221;4_4&#8243; _builder_version=&#8221;3.24&#8243;][et_pb_text _builder_version=&#8221;3.24&#8243; custom_margin=&#8221;||12px|||&#8221;]<\/p>\n<h3><strong>Housing modifications<\/strong><\/h3>\n<p>[\/et_pb_text][et_pb_text _builder_version=&#8221;3.24&#8243;]<\/p>\n<table border=\"0\" cellpadding=\"2\" cellspacing=\"2\" width=\"300\" bgcolor=\"white\">\n<tbody>\n<tr>\n<td class=\"code\" bgcolor=\"blue\" width=\"51\"><span color=\"white\" style=\"color: white;\"><b>CODE<\/b><\/span><\/td>\n<td class=\"code\" bgcolor=\"silver\">IB 290306 Gede Bona<\/td>\n<\/tr>\n<tr>\n<td class=\"code\" bgcolor=\"blue\" width=\"51\"><span color=\"white\" style=\"color: white;\"><b>PROJECT<\/b><\/span><\/td>\n<td class=\"code\" bgcolor=\"silver\">housing modifications<\/td>\n<\/tr>\n<tr>\n<td class=\"code\" valign=\"top\" bgcolor=\"blue\" width=\"51\"><span color=\"white\" style=\"color: white;\"><b>COSTS<\/b><\/span><\/td>\n<td class=\"code\" bgcolor=\"silver\">not yet known<\/td>\n<\/tr>\n<tr>\n<td class=\"code\" valign=\"top\" bgcolor=\"blue\" width=\"51\"><span color=\"white\" style=\"color: white;\"><b>SPONSOR<\/b><\/span><\/td>\n<td class=\"code\" bgcolor=\"silver\">\n<p><span class=\"code\"><span color=\"red\" style=\"color: red;\">Being sought<\/span><\/span><\/p>\n<\/td>\n<\/tr>\n<\/tbody>\n<\/table>\n<p>[\/et_pb_text][et_pb_text _builder_version=&#8221;3.24&#8243;]<\/p>\n<p><span style=\"font-size: 17px;\">Gede Bona is 8 years old and has multiple handicaps. Bona visits Stichting High5Rehab. He lives alone with his father and mother as part of an extended family, partly because they are not very rich. They live in a single room which doubles up as a living room and bedroom. The doors are wide enough for the room to be accessible by wheelchair but both doors have difficult doorsteps. The adjacent covered veranda is not accessible by wheelchair because it is high above ground level.<\/span><\/p>\n<p><span style=\"font-size: 17px;\"><\/span><\/p>\n<div class=\"tekst\">\n<div class=\"tekst\">\n<div class=\"tekst\">\n<p><img loading=\"lazy\" decoding=\"async\" src=\"http:\/\/aidprojectsasia.nl\/IMAGES\/2006GedeBona.jpg\" alt=\"\" height=\"400\" width=\"300\" border=\"0\" \/><\/p>\n<p>As Bona is still light, his father can lift him in his small wheelchair. His mother, however, finds this difficult. As a result, Bona is usually carried everywhere and makes almost no use of his wheelchair in and around the house. Looking to the future, it is already desirable to make the veranda accessible by wheelchair and to smooth the doorsteps so they can be crossed easily. The kamar mandi is accessible from indoors.<\/p>\n<p><span style=\"font-size: 17px;\">The housing modifications have not yet been made but Bona has received a urinal in case he cannot get to the toilet.<\/span><\/p>\n<p><span style=\"font-size: 17px;\"><\/span><\/p>\n<div class=\"tekst\">\n<p><span class=\"tk\"><span style=\"color: #ff9966;\"><strong>UPDATE 2007<\/strong><\/span><br \/><\/span><span style=\"font-size: 17px;\">Last year, the plan was to make the small house and veranda accessible for the wheelchair. Circumstances prevented this but the family arranged for the work to be carried out. The veranda has also been given a roof and so there is more living space. There was no money over to modify the bathroom. APA Foundation made the bathroom wheelchair-accessible and adapted the interior to make it safer and easier to use.<\/span><\/p>\n<\/div>\n<\/div>\n<\/div>\n<\/div>\n<p>[\/et_pb_text][\/et_pb_column][\/et_pb_row][\/et_pb_section]<\/p>","protected":false},"excerpt":{"rendered":"<p>Woningaanpassing CODE IB 290306 Gede Bona PROJECT woningaanpassing KOSTEN Nog niet bekend SPONSOR wordt gezocht Gede Bona is 8 jaar en meervoudig gehandicapt. Bona bezoekt Stichting High5 Rehab. Hij woont alleen met zijn vader en moeder in bij familie, mede omdat zij weinig financi\u00eble middelen hebben. Zij bewonen \u00e9\u00e9n kamer die dienst doet als woon- [&hellip;]<\/p>","protected":false},"author":1,"featured_media":0,"parent":0,"menu_order":0,"comment_status":"closed","ping_status":"closed","template":"","meta":{"_et_pb_use_builder":"on","_et_pb_old_content":"","_et_gb_content_width":"","footnotes":""},"class_list":["post-555","page","type-page","status-publish","hentry"],"yoast_head":"<!-- This site is optimized with the Yoast SEO plugin v24.6 - https:\/\/yoast.com\/wordpress\/plugins\/seo\/ -->\n<title>Gede - Aid Projects Asia<\/title>\n<meta name=\"robots\" content=\"index, follow, max-snippet:-1, max-image-preview:large, max-video-preview:-1\" \/>\n<link rel=\"canonical\" href=\"http:\/\/www.aidprojectsasia.nl\/en\/gede\/\" \/>\n<meta property=\"og:locale\" content=\"en_US\" \/>\n<meta property=\"og:type\" content=\"article\" \/>\n<meta property=\"og:title\" content=\"Gede - Aid Projects Asia\" \/>\n<meta property=\"og:description\" content=\"Woningaanpassing CODE IB 290306 Gede Bona PROJECT woningaanpassing KOSTEN Nog niet bekend SPONSOR wordt gezocht Gede Bona is 8 jaar en meervoudig gehandicapt. Bona bezoekt Stichting High5 Rehab. Hij woont alleen met zijn vader en moeder in bij familie, mede omdat zij weinig financi\u00eble middelen hebben. Zij bewonen \u00e9\u00e9n kamer die dienst doet als woon- [&hellip;]\" \/>\n<meta property=\"og:url\" content=\"http:\/\/www.aidprojectsasia.nl\/en\/gede\/\" \/>\n<meta property=\"og:site_name\" content=\"Aid Projects Asia\" \/>\n<meta property=\"article:modified_time\" content=\"2022-11-16T14:11:18+00:00\" \/>\n<meta property=\"og:image\" content=\"http:\/\/aidprojectsasia.nl\/IMAGES\/2006GedeBona.jpg\" \/>\n<meta name=\"twitter:card\" content=\"summary_large_image\" \/>\n<meta name=\"twitter:label1\" content=\"Est. reading time\" \/>\n\t<meta name=\"twitter:data1\" content=\"2 minutes\" \/>\n<script type=\"application\/ld+json\" class=\"yoast-schema-graph\">{\"@context\":\"https:\/\/schema.org\",\"@graph\":[{\"@type\":\"WebPage\",\"@id\":\"http:\/\/www.aidprojectsasia.nl\/gede\/\",\"url\":\"http:\/\/www.aidprojectsasia.nl\/gede\/\",\"name\":\"Gede - Aid Projects Asia\",\"isPartOf\":{\"@id\":\"http:\/\/www.aidprojectsasia.nl\/#website\"},\"primaryImageOfPage\":{\"@id\":\"http:\/\/www.aidprojectsasia.nl\/gede\/#primaryimage\"},\"image\":{\"@id\":\"http:\/\/www.aidprojectsasia.nl\/gede\/#primaryimage\"},\"thumbnailUrl\":\"http:\/\/aidprojectsasia.nl\/IMAGES\/2006GedeBona.jpg\",\"datePublished\":\"2022-11-11T12:34:13+00:00\",\"dateModified\":\"2022-11-16T14:11:18+00:00\",\"breadcrumb\":{\"@id\":\"http:\/\/www.aidprojectsasia.nl\/gede\/#breadcrumb\"},\"inLanguage\":\"en-US\",\"potentialAction\":[{\"@type\":\"ReadAction\",\"target\":[\"http:\/\/www.aidprojectsasia.nl\/gede\/\"]}]},{\"@type\":\"ImageObject\",\"inLanguage\":\"en-US\",\"@id\":\"http:\/\/www.aidprojectsasia.nl\/gede\/#primaryimage\",\"url\":\"http:\/\/aidprojectsasia.nl\/IMAGES\/2006GedeBona.jpg\",\"contentUrl\":\"http:\/\/aidprojectsasia.nl\/IMAGES\/2006GedeBona.jpg\"},{\"@type\":\"BreadcrumbList\",\"@id\":\"http:\/\/www.aidprojectsasia.nl\/gede\/#breadcrumb\",\"itemListElement\":[{\"@type\":\"ListItem\",\"position\":1,\"name\":\"Home\",\"item\":\"http:\/\/www.aidprojectsasia.nl\/\"},{\"@type\":\"ListItem\",\"position\":2,\"name\":\"Gede\"}]},{\"@type\":\"WebSite\",\"@id\":\"http:\/\/www.aidprojectsasia.nl\/#website\",\"url\":\"http:\/\/www.aidprojectsasia.nl\/\",\"name\":\"Aid Projects Asia\",\"description\":\"\",\"publisher\":{\"@id\":\"http:\/\/www.aidprojectsasia.nl\/#organization\"},\"potentialAction\":[{\"@type\":\"SearchAction\",\"target\":{\"@type\":\"EntryPoint\",\"urlTemplate\":\"http:\/\/www.aidprojectsasia.nl\/?s={search_term_string}\"},\"query-input\":{\"@type\":\"PropertyValueSpecification\",\"valueRequired\":true,\"valueName\":\"search_term_string\"}}],\"inLanguage\":\"en-US\"},{\"@type\":\"Organization\",\"@id\":\"http:\/\/www.aidprojectsasia.nl\/#organization\",\"name\":\"Aid Projects Asia\",\"url\":\"http:\/\/www.aidprojectsasia.nl\/\",\"logo\":{\"@type\":\"ImageObject\",\"inLanguage\":\"en-US\",\"@id\":\"http:\/\/www.aidprojectsasia.nl\/#\/schema\/logo\/image\/\",\"url\":\"http:\/\/www.aidprojectsasia.nl\/wp-content\/uploads\/2024\/11\/Untitled-design.jpg\",\"contentUrl\":\"http:\/\/www.aidprojectsasia.nl\/wp-content\/uploads\/2024\/11\/Untitled-design.jpg\",\"width\":500,\"height\":500,\"caption\":\"Aid Projects Asia\"},\"image\":{\"@id\":\"http:\/\/www.aidprojectsasia.nl\/#\/schema\/logo\/image\/\"}}]}<\/script>\n<!-- \/ Yoast SEO plugin. -->","yoast_head_json":{"title":"Gede - Aid Projects Asia","robots":{"index":"index","follow":"follow","max-snippet":"max-snippet:-1","max-image-preview":"max-image-preview:large","max-video-preview":"max-video-preview:-1"},"canonical":"http:\/\/www.aidprojectsasia.nl\/en\/gede\/","og_locale":"en_US","og_type":"article","og_title":"Gede - Aid Projects Asia","og_description":"Woningaanpassing CODE IB 290306 Gede Bona PROJECT woningaanpassing KOSTEN Nog niet bekend SPONSOR wordt gezocht Gede Bona is 8 jaar en meervoudig gehandicapt. Bona bezoekt Stichting High5 Rehab. Hij woont alleen met zijn vader en moeder in bij familie, mede omdat zij weinig financi\u00eble middelen hebben. Zij bewonen \u00e9\u00e9n kamer die dienst doet als woon- [&hellip;]","og_url":"http:\/\/www.aidprojectsasia.nl\/en\/gede\/","og_site_name":"Aid Projects Asia","article_modified_time":"2022-11-16T14:11:18+00:00","og_image":[{"url":"http:\/\/aidprojectsasia.nl\/IMAGES\/2006GedeBona.jpg","type":"","width":"","height":""}],"twitter_card":"summary_large_image","twitter_misc":{"Est. reading time":"2 minutes"},"schema":{"@context":"https:\/\/schema.org","@graph":[{"@type":"WebPage","@id":"http:\/\/www.aidprojectsasia.nl\/gede\/","url":"http:\/\/www.aidprojectsasia.nl\/gede\/","name":"Gede - Aid Projects Asia","isPartOf":{"@id":"http:\/\/www.aidprojectsasia.nl\/#website"},"primaryImageOfPage":{"@id":"http:\/\/www.aidprojectsasia.nl\/gede\/#primaryimage"},"image":{"@id":"http:\/\/www.aidprojectsasia.nl\/gede\/#primaryimage"},"thumbnailUrl":"http:\/\/aidprojectsasia.nl\/IMAGES\/2006GedeBona.jpg","datePublished":"2022-11-11T12:34:13+00:00","dateModified":"2022-11-16T14:11:18+00:00","breadcrumb":{"@id":"http:\/\/www.aidprojectsasia.nl\/gede\/#breadcrumb"},"inLanguage":"en-US","potentialAction":[{"@type":"ReadAction","target":["http:\/\/www.aidprojectsasia.nl\/gede\/"]}]},{"@type":"ImageObject","inLanguage":"en-US","@id":"http:\/\/www.aidprojectsasia.nl\/gede\/#primaryimage","url":"http:\/\/aidprojectsasia.nl\/IMAGES\/2006GedeBona.jpg","contentUrl":"http:\/\/aidprojectsasia.nl\/IMAGES\/2006GedeBona.jpg"},{"@type":"BreadcrumbList","@id":"http:\/\/www.aidprojectsasia.nl\/gede\/#breadcrumb","itemListElement":[{"@type":"ListItem","position":1,"name":"Home","item":"http:\/\/www.aidprojectsasia.nl\/"},{"@type":"ListItem","position":2,"name":"Gede"}]},{"@type":"WebSite","@id":"http:\/\/www.aidprojectsasia.nl\/#website","url":"http:\/\/www.aidprojectsasia.nl\/","name":"Aid Projects Asia","description":"","publisher":{"@id":"http:\/\/www.aidprojectsasia.nl\/#organization"},"potentialAction":[{"@type":"SearchAction","target":{"@type":"EntryPoint","urlTemplate":"http:\/\/www.aidprojectsasia.nl\/?s={search_term_string}"},"query-input":{"@type":"PropertyValueSpecification","valueRequired":true,"valueName":"search_term_string"}}],"inLanguage":"en-US"},{"@type":"Organization","@id":"http:\/\/www.aidprojectsasia.nl\/#organization","name":"Aid Projects Asia","url":"http:\/\/www.aidprojectsasia.nl\/","logo":{"@type":"ImageObject","inLanguage":"en-US","@id":"http:\/\/www.aidprojectsasia.nl\/#\/schema\/logo\/image\/","url":"http:\/\/www.aidprojectsasia.nl\/wp-content\/uploads\/2024\/11\/Untitled-design.jpg","contentUrl":"http:\/\/www.aidprojectsasia.nl\/wp-content\/uploads\/2024\/11\/Untitled-design.jpg","width":500,"height":500,"caption":"Aid Projects Asia"},"image":{"@id":"http:\/\/www.aidprojectsasia.nl\/#\/schema\/logo\/image\/"}}]}},"_links":{"self":[{"href":"http:\/\/www.aidprojectsasia.nl\/en\/wp-json\/wp\/v2\/pages\/555","targetHints":{"allow":["GET"]}}],"collection":[{"href":"http:\/\/www.aidprojectsasia.nl\/en\/wp-json\/wp\/v2\/pages"}],"about":[{"href":"http:\/\/www.aidprojectsasia.nl\/en\/wp-json\/wp\/v2\/types\/page"}],"author":[{"embeddable":true,"href":"http:\/\/www.aidprojectsasia.nl\/en\/wp-json\/wp\/v2\/users\/1"}],"replies":[{"embeddable":true,"href":"http:\/\/www.aidprojectsasia.nl\/en\/wp-json\/wp\/v2\/comments?post=555"}],"version-history":[{"count":5,"href":"http:\/\/www.aidprojectsasia.nl\/en\/wp-json\/wp\/v2\/pages\/555\/revisions"}],"predecessor-version":[{"id":755,"href":"http:\/\/www.aidprojectsasia.nl\/en\/wp-json\/wp\/v2\/pages\/555\/revisions\/755"}],"wp:attachment":[{"href":"http:\/\/www.aidprojectsasia.nl\/en\/wp-json\/wp\/v2\/media?parent=555"}],"curies":[{"name":"wp","href":"https:\/\/api.w.org\/{rel}","templated":true}]}}